{"id":62,"date":"2024-03-29T19:19:06","date_gmt":"2024-03-29T18:19:06","guid":{"rendered":"http:\/\/lpuhpiu.cluster023.hosting.ovh.net\/index.php\/politique-de-confidentialite-2\/"},"modified":"2024-03-30T22:17:12","modified_gmt":"2024-03-30T21:17:12","slug":"politique-de-confidentialite-2","status":"publish","type":"page","link":"https:\/\/homebyallure.com\/index.php\/politique-de-confidentialite-2\/","title":{"rendered":"Politique de confidentialit\u00e9"},"content":{"rendered":"\t\t<div data-elementor-type=\"wp-page\" data-elementor-id=\"62\" class=\"elementor elementor-62\" data-elementor-post-type=\"page\">\n\t\t\t\t\t\t<section class=\"elementor-section elementor-top-section elementor-element elementor-element-3b00e56d elementor-section-boxed elementor-section-height-default elementor-section-height-default\" data-id=\"3b00e56d\" data-element_type=\"section\" data-settings=\"{&quot;background_background&quot;:&quot;classic&quot;}\">\n\t\t\t\t\t\t\t<div class=\"elementor-background-overlay\"><\/div>\n\t\t\t\t\t\t\t<div class=\"elementor-container elementor-column-gap-default\">\n\t\t\t\t\t<div class=\"elementor-column elementor-col-100 elementor-top-column elementor-element elementor-element-12e056b1\" data-id=\"12e056b1\" data-element_type=\"column\">\n\t\t\t<div class=\"elementor-widget-wrap elementor-element-populated\">\n\t\t\t\t\t\t<div class=\"elementor-element elementor-element-4f6591d6 elementor-widget elementor-widget-heading\" data-id=\"4f6591d6\" data-element_type=\"widget\" data-widget_type=\"heading.default\">\n\t\t\t\t<div class=\"elementor-widget-container\">\n\t\t\t<style>\/*! elementor - v3.20.0 - 26-03-2024 *\/\n.elementor-heading-title{padding:0;margin:0;line-height:1}.elementor-widget-heading .elementor-heading-title[class*=elementor-size-]>a{color:inherit;font-size:inherit;line-height:inherit}.elementor-widget-heading .elementor-heading-title.elementor-size-small{font-size:15px}.elementor-widget-heading .elementor-heading-title.elementor-size-medium{font-size:19px}.elementor-widget-heading .elementor-heading-title.elementor-size-large{font-size:29px}.elementor-widget-heading .elementor-heading-title.elementor-size-xl{font-size:39px}.elementor-widget-heading .elementor-heading-title.elementor-size-xxl{font-size:59px}<\/style><h1 class=\"elementor-heading-title elementor-size-default\">Politique de confidentialit\u00e9<\/h1>\t\t<\/div>\n\t\t\t\t<\/div>\n\t\t\t\t\t<\/div>\n\t\t<\/div>\n\t\t\t\t\t<\/div>\n\t\t<\/section>\n\t\t\t\t<section class=\"elementor-section elementor-top-section elementor-element elementor-element-3ee7c9c3 elementor-section-boxed elementor-section-height-default elementor-section-height-default\" data-id=\"3ee7c9c3\" data-element_type=\"section\">\n\t\t\t\t\t\t<div class=\"elementor-container elementor-column-gap-default\">\n\t\t\t\t\t<div class=\"elementor-column elementor-col-100 elementor-top-column elementor-element elementor-element-1d742da2\" data-id=\"1d742da2\" data-element_type=\"column\" data-settings=\"{&quot;background_background&quot;:&quot;classic&quot;}\">\n\t\t\t<div class=\"elementor-widget-wrap elementor-element-populated\">\n\t\t\t\t\t\t<div class=\"elementor-element elementor-element-613b864a elementor-widget elementor-widget-text-editor\" data-id=\"613b864a\" data-element_type=\"widget\" data-widget_type=\"text-editor.default\">\n\t\t\t\t<div class=\"elementor-widget-container\">\n\t\t\t<style>\/*! elementor - v3.20.0 - 26-03-2024 *\/\n.elementor-widget-text-editor.elementor-drop-cap-view-stacked .elementor-drop-cap{background-color:#69727d;color:#fff}.elementor-widget-text-editor.elementor-drop-cap-view-framed .elementor-drop-cap{color:#69727d;border:3px solid;background-color:transparent}.elementor-widget-text-editor:not(.elementor-drop-cap-view-default) .elementor-drop-cap{margin-top:8px}.elementor-widget-text-editor:not(.elementor-drop-cap-view-default) .elementor-drop-cap-letter{width:1em;height:1em}.elementor-widget-text-editor .elementor-drop-cap{float:left;text-align:center;line-height:1;font-size:50px}.elementor-widget-text-editor .elementor-drop-cap-letter{display:inline-block}<\/style>\t\t\t\t<div data-id=\"3a4b3077\" data-element_type=\"widget\" data-widget_type=\"heading.default\">\n<h2>D\u00e9finitions<\/h2>\n<p><strong>L\u2019\u00c9diteur :<\/strong> La personne, physique ou morale, qui \u00e9dite les services de communication au public en ligne via&nbsp;<span style=\"background-color: var( --e-global-color-e5dbce2 );\"><b>monsupertemplate.com<\/b><\/span><\/p>\n<p><strong>Le Site :<\/strong> L\u2019ensemble des sites, pages Internet et services en ligne propos\u00e9s par l\u2019\u00c9diteur.<\/p>\n<p><strong>L\u2019Utilisateur :<\/strong> La personne utilisant le Site et les services.<\/p>\n<p><\/p>\n<h2><b>1 &#8211; Nature des donn\u00e9es collect\u00e9es<\/b><\/h2>\n<p>Dans le cadre de l\u2019utilisation des Sites, l\u2019\u00c9diteur est susceptible de collecter les cat\u00e9gories de donn\u00e9es suivantes concernant ses Utilisateurs :<\/p>\n<p>Donn\u00e9es d\u2019\u00e9tat-civil, d\u2019identit\u00e9, d\u2019identification\u2026<\/p>\n<p><\/p>\n<p>Donn\u00e9es de connexion (adresses IP, journaux d\u2019\u00e9v\u00e9nements\u2026)<\/p>\n<p><\/p>\n<h2><b>2 &#8211; Communication des donn\u00e9es personnelles \u00e0 des tiers<\/b><\/h2>\n<h3>Pas de communication \u00e0 des tiers<\/h3>\n<p>Vos donn\u00e9es ne font l\u2019objet d\u2019aucune communication \u00e0 des tiers. Vous \u00eates toutefois inform\u00e9s qu\u2019elles pourront \u00eatre divulgu\u00e9es en application d\u2019une loi, d\u2019un r\u00e8glement ou en vertu d\u2019une d\u00e9cision d\u2019une autorit\u00e9 r\u00e9glementaire ou judiciaire comp\u00e9tente.<\/p>\n<p><\/p>\n<h2><b>3 &#8211; Information pr\u00e9alable pour la communication des donn\u00e9es personnelles \u00e0 des tiers en cas de fusion \/ absorption<\/b><\/h2>\n<p>Information pr\u00e9alable et possibilit\u00e9 d\u2019opt-out avant et apr\u00e8s la fusion \/ acquisition Dans le cas o\u00f9 nous prendrions part \u00e0 une op\u00e9ration de fusion, d\u2019acquisition ou \u00e0 toute autre forme de cession d\u2019actifs, nous nous engageons \u00e0 garantir la confidentialit\u00e9 de vos donn\u00e9es personnelles et \u00e0 vous informer avant que celles-ci ne soient transf\u00e9r\u00e9es ou soumises \u00e0 de nouvelles r\u00e8gles de confidentialit\u00e9.<\/p>\n<p><\/p>\n<h2><b>4 &#8211; Agr\u00e9gation des donn\u00e9es<\/b><\/h2>\n<h3>Agr\u00e9gation avec des donn\u00e9es non personnelles<\/h3>\n<p>Nous pouvons publier, divulguer et utiliser les informations agr\u00e9g\u00e9es (informations relatives \u00e0 tous nos Utilisateurs ou \u00e0 des groupes ou cat\u00e9gories sp\u00e9cifiques d\u2019Utilisateurs que nous combinons de mani\u00e8re \u00e0 ce qu\u2019un Utilisateur individuel ne puisse plus \u00eatre identifi\u00e9 ou mentionn\u00e9) et les informations non personnelles \u00e0 des fins d\u2019analyse du secteur et du march\u00e9, de profilage d\u00e9mographique, \u00e0 des fins promotionnelles et publicitaires et \u00e0 d\u2019autres fins commerciales.<\/p>\n<p><\/p>\n<h3>Agr\u00e9gation avec des donn\u00e9es personnelles disponibles sur les comptes sociaux de l\u2019Utilisateur<\/h3>\n<p>Si vous connectez votre compte \u00e0 un compte d\u2019un autre service afin de faire des envois crois\u00e9s, ledit service pourra nous communiquer vos informations de profil, de connexion, ainsi que toute autre information dont vous avez autoris\u00e9 la divulgation. Nous pouvons agr\u00e9ger les informations relatives \u00e0 tous nos autres Utilisateurs, groupes, comptes, aux donn\u00e9es personnelles disponibles sur l\u2019Utilisateur.<\/p>\n<p><\/p>\n<h2><b>5 &#8211; Collecte des donn\u00e9es d\u2019identit\u00e9<\/b><\/h2>\n<h3>Consultation libre<\/h3>\n<p>La consultation du Site ne n\u00e9cessite pas d\u2019inscription ni d\u2019identification pr\u00e9alable. Elle peut s\u2019effectuer sans que vous ne communiquiez de donn\u00e9es nominatives vous concernant (nom, pr\u00e9nom, adresse, etc). Nous ne proc\u00e9dons \u00e0 aucun enregistrement de donn\u00e9es nominatives pour la simple consultation du Site.<\/p>\n<p><\/p>\n<h2><b>6 &#8211; Collecte des donn\u00e9es d\u2019identification<\/b><\/h2>\n<h3>Utilisation de l\u2019identifiant de l\u2019utilisateur pour proposition de mise en relation et offres commerciales<\/h3>\n<p>Nous utilisons vos identifiants \u00e9lectroniques pour rechercher des relations pr\u00e9sentes par connexion, par adresse mail ou par services. Nous pouvons utiliser vos informations de contact pour permettre \u00e0 d\u2019autres personnes de trouver votre compte, notamment via des services tiers et des applications clientes. Vous pouvez t\u00e9l\u00e9charger votre carnet d\u2019adresses afin que nous soyons en mesure de vous aider \u00e0 trouver des connaissances sur notre r\u00e9seau ou pour permettre \u00e0 d\u2019autres Utilisateurs de notre r\u00e9seau de vous trouver. Nous pouvons vous proposer des suggestions, \u00e0 vous et \u00e0 d\u2019autres Utilisateurs du r\u00e9seau, \u00e0 partir des contacts import\u00e9s de votre carnet d\u2019adresses. Nous sommes susceptibles de travailler en partenariat avec des soci\u00e9t\u00e9s qui proposent des offres incitatives. Pour prendre en charge ce type de promotion et d\u2019offre incitative, nous sommes susceptibles de partager votre identifiant \u00e9lectronique.<\/p>\n<p><\/p>\n<h2><b>7 &#8211; Collecte des donn\u00e9es du terminal<\/b><\/h2>\n<h3>Collecte des donn\u00e9es de profilage et des donn\u00e9es techniques \u00e0 des fins de fourniture du service<\/h3>\n<p>Certaines des donn\u00e9es techniques de votre appareil sont collect\u00e9es automatiquement par le Site. Ces informations incluent notamment votre adresse IP, fournisseur d\u2019acc\u00e8s \u00e0 Internet, configuration mat\u00e9rielle, configuration logicielle, type et langue du navigateur\u2026 La collecte de ces donn\u00e9es est n\u00e9cessaire \u00e0 la fourniture des services.<\/p>\n<p><\/p>\n<h3>Collecte des donn\u00e9es techniques \u00e0 des fins publicitaires, commerciales et statistiques<\/h3>\n<p>Les donn\u00e9es techniques de votre appareil sont automatiquement collect\u00e9es et enregistr\u00e9es par le Site, \u00e0 des fins publicitaires, commerciales et statistiques. Ces informations nous aident \u00e0 personnaliser et \u00e0 am\u00e9liorer continuellement votre exp\u00e9rience sur notre Site. Nous ne collectons ni ne conservons aucune donn\u00e9e nominative (nom, pr\u00e9nom, adresse\u2026) \u00e9ventuellement attach\u00e9e \u00e0 une donn\u00e9e technique. Les donn\u00e9es collect\u00e9es sont susceptibles d\u2019\u00eatre revendues \u00e0 des tiers.<\/p>\n<p><\/p>\n<h2><b>8 &#8211; Cookies<\/b><\/h2>\n<h3>Dur\u00e9e de conservation des cookies<\/h3>\n<p>Conform\u00e9ment aux recommandations de la CNIL, la dur\u00e9e maximale de conservation des cookies est de 13 mois au maximum apr\u00e8s leur premier d\u00e9p\u00f4t dans le terminal de l\u2019Utilisateur, tout comme la dur\u00e9e de la validit\u00e9 du consentement de l\u2019Utilisateur \u00e0 l\u2019utilisation de ces cookies. La dur\u00e9e de vie des cookies n\u2019est pas prolong\u00e9e \u00e0 chaque visite. Le consentement de l\u2019Utilisateur devra donc \u00eatre renouvel\u00e9 \u00e0 l\u2019issue de ce d\u00e9lai.<\/p>\n<p><\/p>\n<h3>Finalit\u00e9 cookies<\/h3>\n<p>Les cookies peuvent \u00eatre utilis\u00e9s pour des fins statistiques notamment pour optimiser les services rendus \u00e0 l\u2019Utilisateur, \u00e0 partir du traitement des informations concernant la fr\u00e9quence d\u2019acc\u00e8s, la personnalisation des pages ainsi que les op\u00e9rations r\u00e9alis\u00e9es et les informations consult\u00e9es.<\/p>\n<p><\/p>\n<p>Vous \u00eates inform\u00e9 que l\u2019\u00c9diteur est susceptible de d\u00e9poser des cookies sur votre terminal. Le cookie enregistre des informations relatives \u00e0 la navigation sur le service (les pages que vous avez consult\u00e9es, la date et l\u2019heure de la consultation\u2026) que nous pourrons lire lors de vos visites ult\u00e9rieures.<\/p>\n<p><\/p>\n<h3>Droit de l\u2019Utilisateur de refuser les cookies, la d\u00e9sactivation entra\u00eenant un fonctionnement d\u00e9grad\u00e9 du service<\/h3>\n<p>Vous reconnaissez avoir \u00e9t\u00e9 inform\u00e9 que l\u2019\u00c9diteur peut avoir recours \u00e0 des cookies, et l\u2019y autorisez. Si vous ne souhaitez pas que des cookies soient utilis\u00e9s sur votre terminal, la plupart des navigateurs vous permettent de d\u00e9sactiver les cookies en passant par les options de r\u00e9glage. Toutefois, vous \u00eates inform\u00e9 que certains services sont susceptibles de ne plus fonctionner correctement.<\/p>\n<p><\/p>\n<h3>Association possible des cookies avec des donn\u00e9es personnelles pour permettre le fonctionnement du service<\/h3>\n<p>L\u2019\u00c9diteur peut \u00eatre amen\u00e9e \u00e0 recueillir des informations de navigation via l\u2019utilisation de cookies.<\/p>\n<p><\/p>\n<h1><b>9 \u2013 Conservation des donn\u00e9es techniques<\/b><\/h1>\n<h3>Dur\u00e9e de conservation des donn\u00e9es techniques<\/h3>\n<p>Les donn\u00e9es techniques sont conserv\u00e9es pour la dur\u00e9e strictement n\u00e9cessaire \u00e0 la r\u00e9alisation des finalit\u00e9s vis\u00e9es ci-avant.<\/p>\n<p><\/p>\n<h2><b>10 &#8211; D\u00e9lai de conservation des donn\u00e9es personnelles et d\u2019anonymisation<\/b><\/h2>\n<p><\/p>\n<h3>Conservation des donn\u00e9es pendant la dur\u00e9e de la relation contractuelle<\/h3>\n<p><\/p>\n<p>Conform\u00e9ment \u00e0 l\u2019article 6-5\u00b0 de la loi n\u00b078-17 du 6 janvier 1978 relative \u00e0 l\u2019informatique, aux fichiers et aux libert\u00e9s, les donn\u00e9es \u00e0 caract\u00e8re personnel faisant l\u2019objet d\u2019un traitement ne sont pas conserv\u00e9es au-del\u00e0 du temps n\u00e9cessaire \u00e0 l\u2019ex\u00e9cution des obligations d\u00e9finies lors de la conclusion du contrat ou de la dur\u00e9e pr\u00e9d\u00e9finie de la relation contractuelle.<\/p>\n<p><\/p>\n<h3>Conservation des donn\u00e9es anonymis\u00e9es au del\u00e0 de la relation contractuelle \/ apr\u00e8s la suppression du compte<\/h3>\n<p><\/p>\n<p>Nous conservons les donn\u00e9es personnelles pour la dur\u00e9e strictement n\u00e9cessaire \u00e0 la r\u00e9alisation des finalit\u00e9s d\u00e9crites dans les pr\u00e9sentes Politiques de confidentialit\u00e9. Au-del\u00e0 de cette dur\u00e9e, elles seront anonymis\u00e9es et conserv\u00e9es \u00e0 des fins exclusivement statistiques et ne donneront lieu \u00e0 aucune exploitation, de quelque nature que ce soit.<\/p>\n<p><\/p>\n<h3>Suppression des donn\u00e9es apr\u00e8s suppression du compte<\/h3>\n<p>Des moyens de purge de donn\u00e9es sont mis en place afin d\u2019en pr\u00e9voir la suppression effective d\u00e8s lors que la dur\u00e9e de conservation ou d\u2019archivage n\u00e9cessaire \u00e0 l\u2019accomplissement des finalit\u00e9s d\u00e9termin\u00e9es ou impos\u00e9es est atteinte. Conform\u00e9ment \u00e0 la loi n\u00b078-17 du 6 janvier 1978 relative \u00e0 l\u2019informatique, aux fichiers et aux libert\u00e9s, vous disposez par ailleurs d\u2019un droit de suppression sur vos donn\u00e9es que vous pouvez exercer \u00e0 tout moment en prenant contact avec l\u2019\u00c9diteur.<\/p>\n<p><\/p>\n<h3>Suppression des donn\u00e9es apr\u00e8s 3 ans d\u2019inactivit\u00e9<\/h3>\n<p>Pour des raisons de s\u00e9curit\u00e9, si vous ne vous \u00eates pas authentifi\u00e9 sur le Site pendant une p\u00e9riode de trois ans, vous recevrez un e-mail vous invitant \u00e0 vous connecter dans les plus brefs d\u00e9lais, sans quoi vos donn\u00e9es seront supprim\u00e9es de nos bases de donn\u00e9es.<\/p>\n<p><\/p>\n<h2><b>11 &#8211; Suppression du compte<\/b><\/h2>\n<h3>Suppression du compte \u00e0 la demande<\/h3>\n<p>L\u2019Utilisateur a la possibilit\u00e9 de supprimer son Compte \u00e0 tout moment, par simple demande \u00e0 l\u2019\u00c9diteur OU par le menu de suppression de Compte pr\u00e9sent dans les param\u00e8tres du Compte le cas \u00e9ch\u00e9ant.<\/p>\n<p><\/p>\n<h3>Suppression du compte en cas de violation de la Politique de Confidentialit\u00e9<\/h3>\n<p>En cas de violation d\u2019une ou de plusieurs dispositions de la Politique de Confidentialit\u00e9 ou de tout autre document incorpor\u00e9 aux pr\u00e9sentes par r\u00e9f\u00e9rence, l\u2019\u00c9diteur se r\u00e9serve le droit de mettre fin ou restreindre sans aucun avertissement pr\u00e9alable et \u00e0 sa seule discr\u00e9tion, votre usage et acc\u00e8s aux services, \u00e0 votre compte et \u00e0 tous les Sites.<\/p>\n<p><\/p>\n<h2><b>12 &#8211; Indications en cas de faille de s\u00e9curit\u00e9 d\u00e9cel\u00e9e par l\u2019\u00c9diteur<\/b><\/h2>\n<h3>Information de l\u2019Utilisateur en cas de faille de s\u00e9curit\u00e9<\/h3>\n<p>Nous nous engageons \u00e0 mettre en oeuvre toutes les mesures techniques et organisationnelles appropri\u00e9es afin de garantir un niveau de s\u00e9curit\u00e9 adapt\u00e9 au regard des risques d\u2019acc\u00e8s accidentels, non autoris\u00e9s ou ill\u00e9gaux, de divulgation, d\u2019alt\u00e9ration, de perte ou encore de destruction des donn\u00e9es personnelles vous concernant. Dans l\u2019\u00e9ventualit\u00e9 o\u00f9 nous prendrions connaissance d\u2019un acc\u00e8s ill\u00e9gal aux donn\u00e9es personnelles vous concernant stock\u00e9es sur nos serveurs ou ceux de nos prestataires, ou d\u2019un acc\u00e8s non autoris\u00e9 ayant pour cons\u00e9quence la r\u00e9alisation des risques identifi\u00e9s ci-dessus, nous nous engageons \u00e0 :<\/p>\n<p><\/p>\n<p>Vous notifier l\u2019incident dans les plus brefs d\u00e9lais ; Examiner les causes de l\u2019incident et vous en informer ;<\/p>\n<p><\/p>\n<p>Prendre les mesures n\u00e9cessaires dans la limite du raisonnable afin d\u2019amoindrir les effets n\u00e9gatifs et pr\u00e9judices pouvant r\u00e9sulter dudit incident.<\/p>\n<p><\/p>\n<h3>Limitation de la responsabilit\u00e9<\/h3>\n<p>En aucun cas les engagements d\u00e9finis au point ci-dessus relatifs \u00e0 la notification en cas de faille de s\u00e9curit\u00e9 ne peuvent \u00eatre assimil\u00e9s \u00e0 une quelconque reconnaissance de faute ou de responsabilit\u00e9 quant \u00e0 la survenance de l\u2019incident en question.<\/p>\n<p><\/p>\n<h2><b>13 &#8211;&nbsp; Modification de la politique de confidentialit\u00e9<\/b><\/h2>\n<p>En cas de modification de la pr\u00e9sente Politique de Confidentialit\u00e9, engagement de ne pas baisser le niveau de confidentialit\u00e9 de mani\u00e8re substantielle sans l\u2019information pr\u00e9alable des personnes concern\u00e9es<\/p>\n<p>Nous nous engageons \u00e0 vous informer en cas de modification substantielle de la pr\u00e9sente Politique de Confidentialit\u00e9, et \u00e0 ne pas baisser le niveau de confidentialit\u00e9 de vos donn\u00e9es de mani\u00e8re substantielle sans vous en informer et obtenir votre consentement.<\/p>\n<p><\/p>\n<h2><b>14 &#8211;&nbsp; Droit applicable et modalit\u00e9s de recours<\/b><\/h2>\n<h3>Clause d\u2019arbitrage<\/h3>\n<p>Vous acceptez express\u00e9ment que tout litige susceptible de na\u00eetre du fait de la pr\u00e9sente Politique de Confidentialit\u00e9, notamment de son interpr\u00e9tation ou de son ex\u00e9cution, rel\u00e8vera d\u2019une proc\u00e9dure d\u2019arbitrage soumise au r\u00e8glement de la plateforme d\u2019arbitrage choisie d\u2019un commun accord, auquel vous adh\u00e9rerez sans r\u00e9serve.<\/p>\n<p><\/p>\n<h2><b>15 &#8211; Portabilit\u00e9 des donn\u00e9es<\/b><\/h2>\n<p>Portabilit\u00e9 des donn\u00e9es<\/p>\n<p>L\u2019\u00c9diteur s\u2019engage \u00e0 vous offrir la possibilit\u00e9 de vous faire restituer l\u2019ensemble des donn\u00e9es vous concernant sur simple demande. L\u2019Utilisateur se voit ainsi garantir une meilleure ma\u00eetrise de ses donn\u00e9es, et garde la possibilit\u00e9 de les r\u00e9utiliser. Ces donn\u00e9es devront \u00eatre fournies dans un format ouvert et ais\u00e9ment r\u00e9utilisable.<\/p>\n<\/div>\t\t\t\t\t\t<\/div>\n\t\t\t\t<\/div>\n\t\t\t\t\t<\/div>\n\t\t<\/div>\n\t\t\t\t\t<\/div>\n\t\t<\/section>\n\t\t\t\t<section class=\"elementor-section elementor-top-section elementor-element elementor-element-78d78d01 elementor-section-boxed elementor-section-height-default elementor-section-height-default\" data-id=\"78d78d01\" data-element_type=\"section\">\n\t\t\t\t\t\t<div class=\"elementor-container elementor-column-gap-default\">\n\t\t\t\t\t<div class=\"elementor-column elementor-col-100 elementor-top-column elementor-element elementor-element-5c85c832\" data-id=\"5c85c832\" data-element_type=\"column\" data-settings=\"{&quot;background_background&quot;:&quot;classic&quot;}\">\n\t\t\t<div class=\"elementor-widget-wrap elementor-element-populated\">\n\t\t\t\t\t\t<section class=\"elementor-section elementor-inner-section elementor-element elementor-element-7a0c95ab elementor-section-boxed elementor-section-height-default elementor-section-height-default\" data-id=\"7a0c95ab\" data-element_type=\"section\">\n\t\t\t\t\t\t<div class=\"elementor-container elementor-column-gap-default\">\n\t\t\t\t\t<div class=\"elementor-column elementor-col-50 elementor-inner-column elementor-element elementor-element-3c4a299a\" data-id=\"3c4a299a\" data-element_type=\"column\">\n\t\t\t<div class=\"elementor-widget-wrap elementor-element-populated\">\n\t\t\t\t\t\t<div class=\"elementor-element elementor-element-204d5227 elementor-widget elementor-widget-heading\" data-id=\"204d5227\" data-element_type=\"widget\" data-widget_type=\"heading.default\">\n\t\t\t\t<div class=\"elementor-widget-container\">\n\t\t\t<h2 class=\"elementor-heading-title elementor-size-default\">Pr\u00eat \u00e0 passer un excellent s\u00e9jour ?<\/h2>\t\t<\/div>\n\t\t\t\t<\/div>\n\t\t\t\t\t<\/div>\n\t\t<\/div>\n\t\t\t\t<div class=\"elementor-column elementor-col-50 elementor-inner-column elementor-element elementor-element-66c6eacb\" data-id=\"66c6eacb\" data-element_type=\"column\">\n\t\t\t<div class=\"elementor-widget-wrap elementor-element-populated\">\n\t\t\t\t\t\t<div class=\"elementor-element elementor-element-4f0cd6e2 elementor-align-center elementor-widget elementor-widget-button\" data-id=\"4f0cd6e2\" data-element_type=\"widget\" data-widget_type=\"button.default\">\n\t\t\t\t<div class=\"elementor-widget-container\">\n\t\t\t\t\t<div class=\"elementor-button-wrapper\">\n\t\t\t<a class=\"elementor-button elementor-button-link elementor-size-lg elementor-animation-grow\" href=\"https:\/\/monsupertemplate.com\/reservation\/\">\n\t\t\t\t\t\t<span class=\"elementor-button-content-wrapper\">\n\t\t\t\t\t\t<span class=\"elementor-button-text\">R\u00e9server maintenant<\/span>\n\t\t<\/span>\n\t\t\t\t\t<\/a>\n\t\t<\/div>\n\t\t\t\t<\/div>\n\t\t\t\t<\/div>\n\t\t\t\t\t<\/div>\n\t\t<\/div>\n\t\t\t\t\t<\/div>\n\t\t<\/section>\n\t\t\t\t\t<\/div>\n\t\t<\/div>\n\t\t\t\t\t<\/div>\n\t\t<\/section>\n\t\t\t\t<\/div>\n\t\t","protected":false},"excerpt":{"rendered":"<p>Politique de confidentialit\u00e9 D\u00e9finitions L\u2019\u00c9diteur : La personne, physique ou morale, qui \u00e9dite les services de communication au public en ligne via&nbsp;monsupertemplate.com Le Site : L\u2019ensemble des sites, pages Internet et services en ligne propos\u00e9s par l\u2019\u00c9diteur. L\u2019Utilisateur : La personne utilisant le Site et les services. 1 &#8211; Nature des donn\u00e9es collect\u00e9es Dans le [&hellip;]<\/p>\n","protected":false},"author":1,"featured_media":0,"parent":0,"menu_order":0,"comment_status":"closed","ping_status":"closed","template":"","meta":{"footnotes":""},"class_list":["post-62","page","type-page","status-publish","hentry"],"_links":{"self":[{"href":"https:\/\/homebyallure.com\/index.php\/wp-json\/wp\/v2\/pages\/62","targetHints":{"allow":["GET"]}}],"collection":[{"href":"https:\/\/homebyallure.com\/index.php\/wp-json\/wp\/v2\/pages"}],"about":[{"href":"https:\/\/homebyallure.com\/index.php\/wp-json\/wp\/v2\/types\/page"}],"author":[{"embeddable":true,"href":"https:\/\/homebyallure.com\/index.php\/wp-json\/wp\/v2\/users\/1"}],"replies":[{"embeddable":true,"href":"https:\/\/homebyallure.com\/index.php\/wp-json\/wp\/v2\/comments?post=62"}],"version-history":[{"count":13,"href":"https:\/\/homebyallure.com\/index.php\/wp-json\/wp\/v2\/pages\/62\/revisions"}],"predecessor-version":[{"id":396,"href":"https:\/\/homebyallure.com\/index.php\/wp-json\/wp\/v2\/pages\/62\/revisions\/396"}],"wp:attachment":[{"href":"https:\/\/homebyallure.com\/index.php\/wp-json\/wp\/v2\/media?parent=62"}],"curies":[{"name":"wp","href":"https:\/\/api.w.org\/{rel}","templated":true}]}}