{"id":65,"date":"2024-03-29T19:19:06","date_gmt":"2024-03-29T18:19:06","guid":{"rendered":"http:\/\/lpuhpiu.cluster023.hosting.ovh.net\/index.php\/conditions-generales\/"},"modified":"2024-03-30T13:53:34","modified_gmt":"2024-03-30T12:53:34","slug":"conditions-generales","status":"publish","type":"page","link":"https:\/\/homebyallure.com\/index.php\/conditions-generales\/","title":{"rendered":"Conditions G\u00e9n\u00e9rales"},"content":{"rendered":"\t\t<div data-elementor-type=\"wp-page\" data-elementor-id=\"65\" class=\"elementor elementor-65\" data-elementor-post-type=\"page\">\n\t\t\t\t\t\t<section class=\"elementor-section elementor-top-section elementor-element elementor-element-441c2100 elementor-section-boxed elementor-section-height-default elementor-section-height-default\" data-id=\"441c2100\" data-element_type=\"section\" data-settings=\"{&quot;background_background&quot;:&quot;classic&quot;}\">\n\t\t\t\t\t\t\t<div class=\"elementor-background-overlay\"><\/div>\n\t\t\t\t\t\t\t<div class=\"elementor-container elementor-column-gap-default\">\n\t\t\t\t\t<div class=\"elementor-column elementor-col-100 elementor-top-column elementor-element elementor-element-2af33855\" data-id=\"2af33855\" data-element_type=\"column\">\n\t\t\t<div class=\"elementor-widget-wrap elementor-element-populated\">\n\t\t\t\t\t\t<div class=\"elementor-element elementor-element-4152b5d9 elementor-widget elementor-widget-heading\" data-id=\"4152b5d9\" data-element_type=\"widget\" data-widget_type=\"heading.default\">\n\t\t\t\t<div class=\"elementor-widget-container\">\n\t\t\t<style>\/*! elementor - v3.20.0 - 26-03-2024 *\/\n.elementor-heading-title{padding:0;margin:0;line-height:1}.elementor-widget-heading .elementor-heading-title[class*=elementor-size-]>a{color:inherit;font-size:inherit;line-height:inherit}.elementor-widget-heading .elementor-heading-title.elementor-size-small{font-size:15px}.elementor-widget-heading .elementor-heading-title.elementor-size-medium{font-size:19px}.elementor-widget-heading .elementor-heading-title.elementor-size-large{font-size:29px}.elementor-widget-heading .elementor-heading-title.elementor-size-xl{font-size:39px}.elementor-widget-heading .elementor-heading-title.elementor-size-xxl{font-size:59px}<\/style><h1 class=\"elementor-heading-title elementor-size-default\">Conditions G\u00e9n\u00e9rales<\/h1>\t\t<\/div>\n\t\t\t\t<\/div>\n\t\t\t\t\t<\/div>\n\t\t<\/div>\n\t\t\t\t\t<\/div>\n\t\t<\/section>\n\t\t\t\t<section class=\"elementor-section elementor-top-section elementor-element elementor-element-7e85e8de elementor-section-boxed elementor-section-height-default elementor-section-height-default\" data-id=\"7e85e8de\" data-element_type=\"section\">\n\t\t\t\t\t\t<div class=\"elementor-container elementor-column-gap-default\">\n\t\t\t\t\t<div class=\"elementor-column elementor-col-100 elementor-top-column elementor-element elementor-element-6944c184\" data-id=\"6944c184\" data-element_type=\"column\" data-settings=\"{&quot;background_background&quot;:&quot;classic&quot;}\">\n\t\t\t<div class=\"elementor-widget-wrap elementor-element-populated\">\n\t\t\t\t\t\t<div class=\"elementor-element elementor-element-38dcdb3f elementor-widget elementor-widget-text-editor\" data-id=\"38dcdb3f\" data-element_type=\"widget\" data-widget_type=\"text-editor.default\">\n\t\t\t\t<div class=\"elementor-widget-container\">\n\t\t\t<style>\/*! elementor - v3.20.0 - 26-03-2024 *\/\n.elementor-widget-text-editor.elementor-drop-cap-view-stacked .elementor-drop-cap{background-color:#69727d;color:#fff}.elementor-widget-text-editor.elementor-drop-cap-view-framed .elementor-drop-cap{color:#69727d;border:3px solid;background-color:transparent}.elementor-widget-text-editor:not(.elementor-drop-cap-view-default) .elementor-drop-cap{margin-top:8px}.elementor-widget-text-editor:not(.elementor-drop-cap-view-default) .elementor-drop-cap-letter{width:1em;height:1em}.elementor-widget-text-editor .elementor-drop-cap{float:left;text-align:center;line-height:1;font-size:50px}.elementor-widget-text-editor .elementor-drop-cap-letter{display:inline-block}<\/style>\t\t\t\t<div data-id=\"3a4b3077\" data-element_type=\"widget\" data-widget_type=\"heading.default\"><p><span style=\"font-weight: bold;\">homebyallure.com<\/span><\/p><p>N\u00b0 de t\u00e9l\u00e9phone :\u00a0<span style=\"font-weight: bold; color: var( --e-global-color-736ef8e ); background-color: var( --e-global-color-e5dbce2 ); font-size: 1rem;\">+33787793194<\/span><\/p><p>Adresse du courrier \u00e9lectronique : allure.conciergerie@gmail.com<\/p><p>Conditions g\u00e9n\u00e9rales de vente des produits vendus sur\u00a0<span style=\"background-color: var( --e-global-color-e5dbce2 );\"><b>hombyallure.com<\/b><\/span><\/p><p><span style=\"color: var( --e-global-color-736ef8e ); background-color: var( --e-global-color-e5dbce2 ); font-size: 1rem;\">Date de derni\u00e8re mise \u00e0 jour 30\/03\/2024<\/span><\/p><h2>Article 1 \u2013 Objet<\/h2><p>Les pr\u00e9sentes conditions r\u00e9gissent les ventes par <b>homebyallure.com<\/b>\u00a0de nuit\u00e9es d\u2019appartements meubl\u00e9s de courte dur\u00e9e.<\/p><h2>Article 2 \u2013 Prix<\/h2><p>En cas de commande vers un pays autre que la France m\u00e9tropolitaine vous \u00eates l\u2019importateur du ou des produits concern\u00e9s. Des droits\/frais de changes ou autres taxes locales ou taxes d\u2019\u00e9tat sont susceptibles d\u2019\u00eatre exigibles.<\/p><p>Ces droits et sommes ne rel\u00e8vent pas du ressort de <b>homebyallure.com<\/b>. Ils seront \u00e0 votre charge et rel\u00e8vent de votre enti\u00e8re responsabilit\u00e9, tant en termes de d\u00e9clarations que de paiements aux autorit\u00e9s et organismes comp\u00e9tents de votre pays. Nous vous conseillons de vous renseigner sur ces aspects aupr\u00e8s de vos autorit\u00e9s locales.<\/p><p>Toutes les commandes quelle que soit leur origine sont payables en euros.<\/p><p><span style=\"background-color: var( --e-global-color-e5dbce2 );\"><b>homebyallure.com<\/b><\/span>\u00a0se r\u00e9serve le droit de modifier ses prix \u00e0 tout moment, mais le produit sera factur\u00e9 sur la base du tarif en vigueur au moment de la validation de la commande et sous r\u00e9serve de disponibilit\u00e9.<\/p><p>Les produits demeurent la propri\u00e9t\u00e9 de la soci\u00e9t\u00e9 <b>homebyallure.com <\/b>y compris lors du s\u00e9jour des locataires.<\/p><p>Attention : d\u00e8s que le locataire prend possession des lieux (entr\u00e9e dans l\u2019appartement), la responsabilit\u00e9 des \u00e9ventuels dommages caus\u00e9s dans l\u2019appartement lui est transf\u00e9r\u00e9e.<\/p><h2>Article 3 \u2013 Commandes<\/h2><p>Vous pouvez passer commande :<\/p><p>D\u00e9tailler les modalit\u00e9s choisies, par exemple :<\/p><p>Sur Internet :\u00a0<span style=\"background-color: var( --e-global-color-e5dbce2 );\"><b>homebyallure.com<\/b><\/span><\/p><p>Par t\u00e9l\u00e9phone au\u00a0<span style=\"font-weight: bold; color: var( --e-global-color-736ef8e ); background-color: var( --e-global-color-e5dbce2 ); font-size: 1rem;\">+33787793194<\/span><\/p><p>Sur les sites d\u2019annonces www.airbnb.com, www.booking.com, www.housetrip.com, www.leboncoin.fr, www.homelidays.com, www.tripadvisor.com, et autres sites d\u2019annonces de location d\u2019appartement meubl\u00e9s de courte dur\u00e9e<\/p><p>Les informations contractuelles sont pr\u00e9sent\u00e9es en langue fran\u00e7aise et feront l\u2019objet d\u2019une confirmation au plus tard au moment de la validation de votre commande.<\/p><p><span style=\"background-color: var( --e-global-color-e5dbce2 );\"><b>homebyallure.com<\/b><\/span>\u00a0se r\u00e9serve le droit de ne pas enregistrer un paiement, et de ne pas confirmer une commande pour quelque raison que ce soit, et plus particuli\u00e8rement en cas de probl\u00e8me de disponibilit\u00e9, ou en cas de difficult\u00e9 concernant la commande re\u00e7ue.<\/p><h2>Article 4 \u2013 Validation de votre commande<\/h2><p>Toute commande figurant sur le site Internet <b>homebyallure.com<\/b>\u00a0suppose l\u2019adh\u00e9sion aux pr\u00e9sentes Conditions G\u00e9n\u00e9rales. Toute confirmation de commande entra\u00eene votre adh\u00e9sion pleine et enti\u00e8re aux pr\u00e9sentes conditions g\u00e9n\u00e9rales de vente, sans exception ni r\u00e9serve.<\/p><p>L\u2019ensemble des donn\u00e9es fournies et la confirmation enregistr\u00e9e vaudront preuve de la transaction.<\/p><p>Vous d\u00e9clarez en avoir parfaite connaissance.<\/p><p>La confirmation de commande vaudra signature et acceptation des op\u00e9rations effectu\u00e9es.<\/p><p>Un r\u00e9capitulatif des informations de votre commande vous sera communiqu\u00e9 via l\u2019adresse e-mail de confirmation de votre commande.<\/p><h2>Article 5 \u2013 Paiement<\/h2><p>Le fait de valider votre commande implique pour vous l\u2019obligation de payer le prix indiqu\u00e9.<\/p><p>Le r\u00e8glement de vos achats s\u2019effectue par carte bancaire sur le site\u00a0<span style=\"background-color: var( --e-global-color-e5dbce2 );\"><b>homebyallure.com<\/b><\/span><\/p><h2>Article 6 \u2013 Conditions d\u2019annulation<\/h2><p>Toute r\u00e9servation est d\u00e9finitive et non remboursable.<\/p><h2>Article 7- Disponibilit\u00e9<\/h2><p>Nos produits sont propos\u00e9s tant qu\u2019ils sont visibles sur le site\u00a0<span style=\"background-color: var( --e-global-color-e5dbce2 );\"><b>homebyallure.com<\/b><\/span><\/p><p>En cas d\u2019indisponibilit\u00e9 de produit apr\u00e8s passation de votre commande, nous vous en informerons par mail. Votre commande sera soit automatiquement annul\u00e9e et aucun d\u00e9bit bancaire ne sera effectu\u00e9 soit nous vous proposerons de vous trouver un autre logement pendant la dur\u00e9e de votre s\u00e9jour.<\/p><h2>Article 8 \u2013 Responsabilit\u00e9<\/h2><p>Les produits propos\u00e9s sont conformes \u00e0 la l\u00e9gislation fran\u00e7aise en vigueur.<\/p><p><span style=\"background-color: var( --e-global-color-e5dbce2 );\"><b>homebyallure.com<\/b><\/span><span style=\"background-color: var( --e-global-color-e5dbce2 );\"><b>\u00a0<\/b><\/span>ne saurait \u00eatre tenue pour responsable des dommages r\u00e9sultant d\u2019une mauvaise utilisation du produit achet\u00e9.<\/p><p>Enfin la responsabilit\u00e9 de\u00a0<b>homebyallure.com <\/b>ne saurait \u00eatre engag\u00e9e pour tous les inconv\u00e9nients ou dommages inh\u00e9rents \u00e0 l\u2019utilisation du r\u00e9seau Internet, notamment une rupture de service, une intrusion ext\u00e9rieure ou la pr\u00e9sence de virus informatiques.<\/p><h2>Article 9 \u2013 Droit applicable en cas de litiges<\/h2><p>La langue du pr\u00e9sent contrat est la langue fran\u00e7aise. Les pr\u00e9sentes conditions de vente sont soumises \u00e0 la loi fran\u00e7aise. En cas de litige, les tribunaux fran\u00e7ais seront les seuls comp\u00e9tents.<\/p><h2>Article 10 \u2013 Propri\u00e9t\u00e9 intellectuelle<\/h2><p>Tous les \u00e9l\u00e9ments du site <b>homebyallure.com<\/b>\u00a0sont et restent la propri\u00e9t\u00e9 intellectuelle et exclusive de <b>homebyallure.com<\/b>.<\/p><p>Nul n\u2019est autoris\u00e9 \u00e0 reproduire, exploiter, rediffuser, ou utiliser \u00e0 quelques titres que ce soit, m\u00eame partiellement, des \u00e9l\u00e9ments du site qu\u2019ils soient logiciels, visuels ou sonores. Tout lien simple ou par hypertexte est strictement interdit sans un accord \u00e9crit expr\u00e8s de <b>homebyallure.com<\/b>.<\/p><h2>Article 11 \u2013 Donn\u00e9es personnelles<\/h2><p><span style=\"background-color: var( --e-global-color-e5dbce2 );\"><b>homebyallure.com<\/b><\/span>\u00a0se r\u00e9serve le droit de collecter les informations nominatives et les donn\u00e9es personnelles vous concernant. Elles sont n\u00e9cessaires \u00e0 la gestion de votre commande, ainsi qu\u2019\u00e0 l\u2019am\u00e9lioration des services et des informations que nous vous adressons.<\/p><p>Elles peuvent aussi \u00eatre transmises aux soci\u00e9t\u00e9s qui contribuent \u00e0 ces relations, telles que celles charg\u00e9es de l\u2019ex\u00e9cution des services et commandes pour leur gestion, ex\u00e9cution, traitement et paiement.<\/p><p>Ces informations et donn\u00e9es sont \u00e9galement conserv\u00e9es \u00e0 des fins de s\u00e9curit\u00e9, afin de respecter les obligations l\u00e9gales et r\u00e9glementaires.<\/p><p>Conform\u00e9ment \u00e0 la loi du 6 janvier 1978, vous disposez d\u2019un droit d\u2019acc\u00e8s, de rectification et d\u2019opposition aux informations nominatives et aux donn\u00e9es personnelles vous concernant, directement sur le site Internet.<\/p><h2>Article 12 \u2013 Archivage Preuve<\/h2><p><span style=\"background-color: var( --e-global-color-e5dbce2 );\"><b>homebyallure.com<\/b><\/span>\u00a0archivera les contrats de location et les factures \u00e9mises sur un support fiable et durable constituant une copie fid\u00e8le conform\u00e9ment aux dispositions de l\u2019article 1348 du Code civil.<\/p><p>Les registres informatis\u00e9s de <b>homebyallure.com<\/b>\u00a0seront consid\u00e9r\u00e9s par toutes les parties concern\u00e9es comme preuve des communications, commandes, paiements et transactions intervenus entre les parties.<\/p><\/div>\t\t\t\t\t\t<\/div>\n\t\t\t\t<\/div>\n\t\t\t\t\t<\/div>\n\t\t<\/div>\n\t\t\t\t\t<\/div>\n\t\t<\/section>\n\t\t\t\t<section class=\"elementor-section elementor-top-section elementor-element elementor-element-4bf62f2c elementor-section-boxed elementor-section-height-default elementor-section-height-default\" data-id=\"4bf62f2c\" data-element_type=\"section\">\n\t\t\t\t\t\t<div class=\"elementor-container elementor-column-gap-default\">\n\t\t\t\t\t<div class=\"elementor-column elementor-col-100 elementor-top-column elementor-element elementor-element-4e44824\" data-id=\"4e44824\" data-element_type=\"column\" data-settings=\"{&quot;background_background&quot;:&quot;classic&quot;}\">\n\t\t\t<div class=\"elementor-widget-wrap elementor-element-populated\">\n\t\t\t\t\t\t<section class=\"elementor-section elementor-inner-section elementor-element elementor-element-6d3ed439 elementor-section-boxed elementor-section-height-default elementor-section-height-default\" data-id=\"6d3ed439\" data-element_type=\"section\">\n\t\t\t\t\t\t<div class=\"elementor-container elementor-column-gap-default\">\n\t\t\t\t\t<div class=\"elementor-column elementor-col-50 elementor-inner-column elementor-element elementor-element-1b13be44\" data-id=\"1b13be44\" data-element_type=\"column\">\n\t\t\t<div class=\"elementor-widget-wrap elementor-element-populated\">\n\t\t\t\t\t\t<div class=\"elementor-element elementor-element-4d449f2b elementor-widget elementor-widget-heading\" data-id=\"4d449f2b\" data-element_type=\"widget\" data-widget_type=\"heading.default\">\n\t\t\t\t<div class=\"elementor-widget-container\">\n\t\t\t<h2 class=\"elementor-heading-title elementor-size-default\">Pr\u00eat \u00e0 passer un excellent s\u00e9jour ?<\/h2>\t\t<\/div>\n\t\t\t\t<\/div>\n\t\t\t\t\t<\/div>\n\t\t<\/div>\n\t\t\t\t<div class=\"elementor-column elementor-col-50 elementor-inner-column elementor-element elementor-element-411ab1aa\" data-id=\"411ab1aa\" data-element_type=\"column\">\n\t\t\t<div class=\"elementor-widget-wrap elementor-element-populated\">\n\t\t\t\t\t\t<div class=\"elementor-element elementor-element-5e55fe6c elementor-align-center elementor-widget elementor-widget-button\" data-id=\"5e55fe6c\" data-element_type=\"widget\" data-widget_type=\"button.default\">\n\t\t\t\t<div class=\"elementor-widget-container\">\n\t\t\t\t\t<div class=\"elementor-button-wrapper\">\n\t\t\t<a class=\"elementor-button elementor-button-link elementor-size-lg elementor-animation-grow\" href=\"https:\/\/monsupertemplate.com\/reservation\/\">\n\t\t\t\t\t\t<span class=\"elementor-button-content-wrapper\">\n\t\t\t\t\t\t<span class=\"elementor-button-text\">R\u00e9server maintenant<\/span>\n\t\t<\/span>\n\t\t\t\t\t<\/a>\n\t\t<\/div>\n\t\t\t\t<\/div>\n\t\t\t\t<\/div>\n\t\t\t\t\t<\/div>\n\t\t<\/div>\n\t\t\t\t\t<\/div>\n\t\t<\/section>\n\t\t\t\t\t<\/div>\n\t\t<\/div>\n\t\t\t\t\t<\/div>\n\t\t<\/section>\n\t\t\t\t<\/div>\n\t\t","protected":false},"excerpt":{"rendered":"<p>Conditions G\u00e9n\u00e9rales homebyallure.com N\u00b0 de t\u00e9l\u00e9phone :\u00a0+33787793194 Adresse du courrier \u00e9lectronique : allure.conciergerie@gmail.com Conditions g\u00e9n\u00e9rales de vente des produits vendus sur\u00a0hombyallure.com Date de derni\u00e8re mise \u00e0 jour 30\/03\/2024 Article 1 \u2013 Objet Les pr\u00e9sentes conditions r\u00e9gissent les ventes par homebyallure.com\u00a0de nuit\u00e9es d\u2019appartements meubl\u00e9s de courte dur\u00e9e. Article 2 \u2013 Prix En cas de commande vers [&hellip;]<\/p>\n","protected":false},"author":1,"featured_media":0,"parent":0,"menu_order":0,"comment_status":"closed","ping_status":"closed","template":"","meta":{"footnotes":""},"class_list":["post-65","page","type-page","status-publish","hentry"],"_links":{"self":[{"href":"https:\/\/homebyallure.com\/index.php\/wp-json\/wp\/v2\/pages\/65","targetHints":{"allow":["GET"]}}],"collection":[{"href":"https:\/\/homebyallure.com\/index.php\/wp-json\/wp\/v2\/pages"}],"about":[{"href":"https:\/\/homebyallure.com\/index.php\/wp-json\/wp\/v2\/types\/page"}],"author":[{"embeddable":true,"href":"https:\/\/homebyallure.com\/index.php\/wp-json\/wp\/v2\/users\/1"}],"replies":[{"embeddable":true,"href":"https:\/\/homebyallure.com\/index.php\/wp-json\/wp\/v2\/comments?post=65"}],"version-history":[{"count":7,"href":"https:\/\/homebyallure.com\/index.php\/wp-json\/wp\/v2\/pages\/65\/revisions"}],"predecessor-version":[{"id":286,"href":"https:\/\/homebyallure.com\/index.php\/wp-json\/wp\/v2\/pages\/65\/revisions\/286"}],"wp:attachment":[{"href":"https:\/\/homebyallure.com\/index.php\/wp-json\/wp\/v2\/media?parent=65"}],"curies":[{"name":"wp","href":"https:\/\/api.w.org\/{rel}","templated":true}]}}