{"id":68,"date":"2024-03-29T19:19:07","date_gmt":"2024-03-29T18:19:07","guid":{"rendered":"http:\/\/lpuhpiu.cluster023.hosting.ovh.net\/index.php\/mentions-legales\/"},"modified":"2024-03-30T13:42:32","modified_gmt":"2024-03-30T12:42:32","slug":"mentions-legales","status":"publish","type":"page","link":"https:\/\/homebyallure.com\/index.php\/mentions-legales\/","title":{"rendered":"Mentions L\u00e9gales"},"content":{"rendered":"\t\t<div data-elementor-type=\"wp-page\" data-elementor-id=\"68\" class=\"elementor elementor-68\" data-elementor-post-type=\"page\">\n\t\t\t\t\t\t<section class=\"elementor-section elementor-top-section elementor-element elementor-element-62c36e57 elementor-section-boxed elementor-section-height-default elementor-section-height-default\" data-id=\"62c36e57\" data-element_type=\"section\" data-settings=\"{&quot;background_background&quot;:&quot;classic&quot;}\">\n\t\t\t\t\t\t\t<div class=\"elementor-background-overlay\"><\/div>\n\t\t\t\t\t\t\t<div class=\"elementor-container elementor-column-gap-default\">\n\t\t\t\t\t<div class=\"elementor-column elementor-col-100 elementor-top-column elementor-element elementor-element-10241793\" data-id=\"10241793\" data-element_type=\"column\">\n\t\t\t<div class=\"elementor-widget-wrap elementor-element-populated\">\n\t\t\t\t\t\t<div class=\"elementor-element elementor-element-4e1f53f7 elementor-widget elementor-widget-heading\" data-id=\"4e1f53f7\" data-element_type=\"widget\" data-widget_type=\"heading.default\">\n\t\t\t\t<div class=\"elementor-widget-container\">\n\t\t\t<style>\/*! elementor - v3.20.0 - 26-03-2024 *\/\n.elementor-heading-title{padding:0;margin:0;line-height:1}.elementor-widget-heading .elementor-heading-title[class*=elementor-size-]>a{color:inherit;font-size:inherit;line-height:inherit}.elementor-widget-heading .elementor-heading-title.elementor-size-small{font-size:15px}.elementor-widget-heading .elementor-heading-title.elementor-size-medium{font-size:19px}.elementor-widget-heading .elementor-heading-title.elementor-size-large{font-size:29px}.elementor-widget-heading .elementor-heading-title.elementor-size-xl{font-size:39px}.elementor-widget-heading .elementor-heading-title.elementor-size-xxl{font-size:59px}<\/style><h1 class=\"elementor-heading-title elementor-size-default\">Mentions L\u00e9gales<\/h1>\t\t<\/div>\n\t\t\t\t<\/div>\n\t\t\t\t\t<\/div>\n\t\t<\/div>\n\t\t\t\t\t<\/div>\n\t\t<\/section>\n\t\t\t\t<section class=\"elementor-section elementor-top-section elementor-element elementor-element-1d455fdd elementor-section-boxed elementor-section-height-default elementor-section-height-default\" data-id=\"1d455fdd\" data-element_type=\"section\">\n\t\t\t\t\t\t<div class=\"elementor-container elementor-column-gap-default\">\n\t\t\t\t\t<div class=\"elementor-column elementor-col-100 elementor-top-column elementor-element elementor-element-3377409d\" data-id=\"3377409d\" data-element_type=\"column\" data-settings=\"{&quot;background_background&quot;:&quot;classic&quot;}\">\n\t\t\t<div class=\"elementor-widget-wrap elementor-element-populated\">\n\t\t\t\t\t\t<div class=\"elementor-element elementor-element-74a66479 elementor-widget elementor-widget-text-editor\" data-id=\"74a66479\" data-element_type=\"widget\" data-widget_type=\"text-editor.default\">\n\t\t\t\t<div class=\"elementor-widget-container\">\n\t\t\t<style>\/*! elementor - v3.20.0 - 26-03-2024 *\/\n.elementor-widget-text-editor.elementor-drop-cap-view-stacked .elementor-drop-cap{background-color:#69727d;color:#fff}.elementor-widget-text-editor.elementor-drop-cap-view-framed .elementor-drop-cap{color:#69727d;border:3px solid;background-color:transparent}.elementor-widget-text-editor:not(.elementor-drop-cap-view-default) .elementor-drop-cap{margin-top:8px}.elementor-widget-text-editor:not(.elementor-drop-cap-view-default) .elementor-drop-cap-letter{width:1em;height:1em}.elementor-widget-text-editor .elementor-drop-cap{float:left;text-align:center;line-height:1;font-size:50px}.elementor-widget-text-editor .elementor-drop-cap-letter{display:inline-block}<\/style>\t\t\t\t<div data-id=\"3a4b3077\" data-element_type=\"widget\" data-widget_type=\"heading.default\"><div><h2>Mentions L\u00e9gales<\/h2><\/div><\/div><div data-id=\"b5faf98\" data-element_type=\"widget\" data-widget_type=\"text-editor.default\"><p>Conform\u00e9ment aux dispositions des Articles 6-III et 19 de la Loi n\u00b02004-575 du 21 juin 2004 pour la Confiance dans l\u2019\u00e9conomie num\u00e9rique, dite L.C.E.N., il est port\u00e9 \u00e0 la connaissance des utilisateurs et visiteurs du site <b>https:\/\/homebyallure.com\/<\/b>\u00a0les pr\u00e9sentes mentions l\u00e9gales.<\/p><p>Le site <b>https:\/\/homebyallure.com\/<\/b>\u00a0est accessible \u00e0 l\u2019adresse suivante :<\/p><p><span style=\"background-color: var( --e-global-color-e5dbce2 );\"><b>https:\/\/homebyallure.com\/<\/b><\/span>\u00a0(ci-apr\u00e8s \u00ab le Site \u00bb). L\u2019acc\u00e8s et l\u2019utilisation du Site sont soumis aux pr\u00e9sentes \u00bb Mentions l\u00e9gales \u00bb d\u00e9taill\u00e9es ci-apr\u00e8s ainsi qu\u2019aux lois et\/ou r\u00e8glements applicables.<\/p><p>La connexion, l\u2019utilisation et l\u2019acc\u00e8s \u00e0 ce Site impliquent l\u2019acceptation int\u00e9grale et sans r\u00e9serve de l\u2019internaute de toutes les dispositions des pr\u00e9sentes Mentions L\u00e9gales.<\/p><p><strong>ARTICLE 1 \u2013 INFORMATIONS L\u00c9GALES<\/strong><\/p><p>En vertu de l\u2019Article 6 de la Loi n\u00b0 2004-575 du 21 juin 2004 pour la confiance dans l\u2019\u00e9conomie num\u00e9rique, il est pr\u00e9cis\u00e9 dans cet article l\u2019identit\u00e9 des diff\u00e9rents intervenants dans le cadre de sa r\u00e9alisation et de son suivi.<\/p><p>Le site <b>https:\/\/monsupertemplate.com\/<\/b>\u00a0est \u00e9dit\u00e9 par :<\/p><p><span style=\"font-weight: bold;\">monsupertemplate.com<\/span><\/p><p>T\u00e9l\u00e9phone :\u00a0<span style=\"background-color: var( --e-global-color-e5dbce2 );\"><b>+33607080910<\/b><\/span><\/p><p>Adresse e-mail :\u00a0<span style=\"background-color: var( --e-global-color-e5dbce2 );\"><b>contact@monsupertemplate.com<\/b><\/span><\/p><p>ci apr\u00e8s \u00bb l\u2019\u00c9diteur \u00bb<\/p><p>Le Directeur de publication est :<\/p><p><span style=\"font-weight: bold;\">monsupertemplate.com<\/span><\/p><p>T\u00e9l\u00e9phone :\u00a0<span style=\"font-weight: bold; color: var( --e-global-color-736ef8e ); background-color: var( --e-global-color-e5dbce2 ); font-size: 1rem;\">+33607080910<\/span><\/p><p>Adresse e-mail :\u00a0<span style=\"background-color: var( --e-global-color-e5dbce2 );\"><b>contact@monsupertemplate.com<\/b><\/span><\/p><p>ci apr\u00e8s \u00bb le Directeur de publication \u00bb<\/p><p>Le site\u00a0<span style=\"font-weight: bold;\">monsupertemplate.com<\/span>\u00a0est h\u00e9berg\u00e9 par :<\/p><p>OVH<\/p><p>dont le si\u00e8ge est situ\u00e9 \u00e0 l\u2019adresse suivante : 2 Rue Kellermann, 59100 Roubaix<\/p><p>T\u00e9l\u00e9phone : 09 72 10 10 07<\/p><p>Adresse e-mail : contact@ovh.com.<\/p><p>ci apr\u00e8s \u00bb l\u2019H\u00e9bergeur \u00bb<\/p><p>Sont consid\u00e9r\u00e9s comme utilisateurs tout les internautes qui naviguent, lisent, visionnent et utilisent le site\u00a0<span style=\"font-weight: bold;\">homebyallure.com<\/span>.<\/p><p>ci apr\u00e8s les \u00bb Utilisateurs \u00bb<\/p><p><strong>ARTICLE 2 \u2013 ACCESSIBILIT\u00c9<\/strong><\/p><p>Le Site est par principe accessible aux utilisateurs 24\/24h et 7\/7j, sauf interruption, programm\u00e9e ou non, pour des besoins de maintenance ou en cas de force majeure.<\/p><p>En cas d\u2019impossibilit\u00e9 d\u2019acc\u00e8s au Site, celui-ci s\u2019engage \u00e0 faire son maximum afin d\u2019en r\u00e9tablir l\u2019acc\u00e8s. Le Site ne saurait \u00eatre tenu pour responsable de tout dommage, quelle qu\u2019en soit la nature, r\u00e9sultant de son indisponibilit\u00e9.<\/p><p><strong>ARTICLE 3 \u2013 COLLECTE DE DONN\u00c9ES ET LOI INFORMATIQUE ET LIBERT\u00c9S<\/strong><\/p><p>Le site\u00a0<span style=\"font-weight: bold;\">homebyallure.com<\/span>\u00a0est exempt\u00e9 de d\u00e9claration \u00e0 la Commission Nationale Informatique et Libert\u00e9s (CNIL) dans la mesure o\u00f9 il ne collecte aucune donn\u00e9e des Utilisateurs.<\/p><p><strong>ARTICLE 4 \u2013 POLITIQUE DE COOKIES<\/strong><\/p><p>Le site\u00a0<span style=\"font-weight: bold;\">homebyallure.com<\/span><b>\u00a0<\/b>a \u00e9ventuellement recours aux techniques de \u00ab cookies \u00bb lui permettant de traiter des statistiques et des informations sur le trafic, de faciliter la navigation et d\u2019am\u00e9liorer le service pour le confort de l\u2019Utilisateur.<\/p><p>Conform\u00e9ment \u00e0 la l\u00e9gislation europ\u00e9enne, le site\u00a0<span style=\"font-weight: bold;\">homebyallure.com<\/span>\u00a0a mis \u00e0 jour sa politique de confidentialit\u00e9 en mati\u00e8re de cookies. L\u2019Utilisateur est libre d\u2019accepter ou de refuser les cookies de tous les sites internet en modifiant les param\u00e8tres de son navigateur internet.<\/p><p><strong>ARTICLE 5 \u2013 LOI APPLICABLE ET JURIDICTION<\/strong><\/p><p>Les pr\u00e9sentes Mentions L\u00e9gales sont r\u00e9gies par la loi fran\u00e7aise. En cas de diff\u00e9rend et \u00e0 d\u00e9faut d\u2019accord amiable, le litige sera port\u00e9 devant les tribunaux fran\u00e7ais conform\u00e9ment aux r\u00e8gles de comp\u00e9tence en vigueur.<\/p><p><strong>ARTICLE 6 \u2013 CONTACT<\/strong><\/p><p>Pour tout signalement de contenus ou d\u2019activit\u00e9s illicites, l\u2019Utilisateur peut contacter l\u2019\u00c9diteur \u00e0 l\u2019adresse suivante : <b>contact@monsupertemplate.com<\/b>, ou par courrier recommand\u00e9 avec accus\u00e9 de r\u00e9ception adress\u00e9 \u00e0 l\u2019\u00c9diteur aux coordonn\u00e9es pr\u00e9cis\u00e9es dans les pr\u00e9sentes mentions l\u00e9gales. Le site\u00a0<span style=\"font-weight: bold;\">monsupertemplate.com<\/span>\u00a0vous souhaite une excellente navigation !<\/p><\/div>\t\t\t\t\t\t<\/div>\n\t\t\t\t<\/div>\n\t\t\t\t\t<\/div>\n\t\t<\/div>\n\t\t\t\t\t<\/div>\n\t\t<\/section>\n\t\t\t\t<section class=\"elementor-section elementor-top-section elementor-element elementor-element-2b533eb5 elementor-section-boxed elementor-section-height-default elementor-section-height-default\" data-id=\"2b533eb5\" data-element_type=\"section\">\n\t\t\t\t\t\t<div class=\"elementor-container elementor-column-gap-default\">\n\t\t\t\t\t<div class=\"elementor-column elementor-col-100 elementor-top-column elementor-element elementor-element-5b71b8fc\" data-id=\"5b71b8fc\" data-element_type=\"column\" data-settings=\"{&quot;background_background&quot;:&quot;classic&quot;}\">\n\t\t\t<div class=\"elementor-widget-wrap elementor-element-populated\">\n\t\t\t\t\t\t<section class=\"elementor-section elementor-inner-section elementor-element elementor-element-2bc13f7e elementor-section-boxed elementor-section-height-default elementor-section-height-default\" data-id=\"2bc13f7e\" data-element_type=\"section\">\n\t\t\t\t\t\t<div class=\"elementor-container elementor-column-gap-default\">\n\t\t\t\t\t<div class=\"elementor-column elementor-col-50 elementor-inner-column elementor-element elementor-element-e3ea49e\" data-id=\"e3ea49e\" data-element_type=\"column\">\n\t\t\t<div class=\"elementor-widget-wrap elementor-element-populated\">\n\t\t\t\t\t\t<div class=\"elementor-element elementor-element-60e13374 elementor-widget elementor-widget-heading\" data-id=\"60e13374\" data-element_type=\"widget\" data-widget_type=\"heading.default\">\n\t\t\t\t<div class=\"elementor-widget-container\">\n\t\t\t<h2 class=\"elementor-heading-title elementor-size-default\">Pr\u00eat \u00e0 passer un excellent s\u00e9jour ?<\/h2>\t\t<\/div>\n\t\t\t\t<\/div>\n\t\t\t\t\t<\/div>\n\t\t<\/div>\n\t\t\t\t<div class=\"elementor-column elementor-col-50 elementor-inner-column elementor-element elementor-element-7852cef8\" data-id=\"7852cef8\" data-element_type=\"column\">\n\t\t\t<div class=\"elementor-widget-wrap elementor-element-populated\">\n\t\t\t\t\t\t<div class=\"elementor-element elementor-element-109707de elementor-align-center elementor-widget elementor-widget-button\" data-id=\"109707de\" data-element_type=\"widget\" data-widget_type=\"button.default\">\n\t\t\t\t<div class=\"elementor-widget-container\">\n\t\t\t\t\t<div class=\"elementor-button-wrapper\">\n\t\t\t<a class=\"elementor-button elementor-button-link elementor-size-lg elementor-animation-grow\" href=\"https:\/\/monsupertemplate.com\/reservation\/\">\n\t\t\t\t\t\t<span class=\"elementor-button-content-wrapper\">\n\t\t\t\t\t\t<span class=\"elementor-button-text\">R\u00e9server maintenant<\/span>\n\t\t<\/span>\n\t\t\t\t\t<\/a>\n\t\t<\/div>\n\t\t\t\t<\/div>\n\t\t\t\t<\/div>\n\t\t\t\t\t<\/div>\n\t\t<\/div>\n\t\t\t\t\t<\/div>\n\t\t<\/section>\n\t\t\t\t\t<\/div>\n\t\t<\/div>\n\t\t\t\t\t<\/div>\n\t\t<\/section>\n\t\t\t\t<\/div>\n\t\t","protected":false},"excerpt":{"rendered":"<p>Mentions L\u00e9gales Mentions L\u00e9gales Conform\u00e9ment aux dispositions des Articles 6-III et 19 de la Loi n\u00b02004-575 du 21 juin 2004 pour la Confiance dans l\u2019\u00e9conomie num\u00e9rique, dite L.C.E.N., il est port\u00e9 \u00e0 la connaissance des utilisateurs et visiteurs du site https:\/\/homebyallure.com\/\u00a0les pr\u00e9sentes mentions l\u00e9gales. Le site https:\/\/homebyallure.com\/\u00a0est accessible \u00e0 l\u2019adresse suivante : https:\/\/homebyallure.com\/\u00a0(ci-apr\u00e8s \u00ab le [&hellip;]<\/p>\n","protected":false},"author":1,"featured_media":0,"parent":0,"menu_order":0,"comment_status":"closed","ping_status":"closed","template":"","meta":{"footnotes":""},"class_list":["post-68","page","type-page","status-publish","hentry"],"_links":{"self":[{"href":"https:\/\/homebyallure.com\/index.php\/wp-json\/wp\/v2\/pages\/68","targetHints":{"allow":["GET"]}}],"collection":[{"href":"https:\/\/homebyallure.com\/index.php\/wp-json\/wp\/v2\/pages"}],"about":[{"href":"https:\/\/homebyallure.com\/index.php\/wp-json\/wp\/v2\/types\/page"}],"author":[{"embeddable":true,"href":"https:\/\/homebyallure.com\/index.php\/wp-json\/wp\/v2\/users\/1"}],"replies":[{"embeddable":true,"href":"https:\/\/homebyallure.com\/index.php\/wp-json\/wp\/v2\/comments?post=68"}],"version-history":[{"count":10,"href":"https:\/\/homebyallure.com\/index.php\/wp-json\/wp\/v2\/pages\/68\/revisions"}],"predecessor-version":[{"id":282,"href":"https:\/\/homebyallure.com\/index.php\/wp-json\/wp\/v2\/pages\/68\/revisions\/282"}],"wp:attachment":[{"href":"https:\/\/homebyallure.com\/index.php\/wp-json\/wp\/v2\/media?parent=68"}],"curies":[{"name":"wp","href":"https:\/\/api.w.org\/{rel}","templated":true}]}}